{"id":39,"date":"2023-05-17T14:43:06","date_gmt":"2023-05-17T13:43:06","guid":{"rendered":"https:\/\/wikimedia.pt\/blogdev\/?page_id=39"},"modified":"2023-05-17T14:43:06","modified_gmt":"2023-05-17T13:43:06","slug":"projetos","status":"publish","type":"page","link":"https:\/\/website.wikimedia.pt\/?page_id=39","title":{"rendered":"Projetos"},"content":{"rendered":"\n<p>A Wikimedia Portugal desenvolve uma s\u00e9rie de projetos, incluindo campanhas tem\u00e1ticas tanto a solo como em parceria com outras institui\u00e7\u00f5es.<\/p>\n\n\n\n<h2 class=\"wp-block-heading\">Wiki Loves Earth<\/h2>\n\n\n\n<p>O\u00a0<strong><a href=\"https:\/\/wikilovesmonuments.org.pt\/\" target=\"_blank\" rel=\"noreferrer noopener\">Wiki Loves Earth<\/a> <\/strong>\u00e9 um\u00a0<strong>concurso fotogr\u00e1fico sobre espa\u00e7os naturais protegidos<\/strong>\u00a0do territ\u00f3rio portugu\u00eas aberto a todo o mundo.<\/p>\n\n\n\n<p>O objetivo do concurso \u00e9 colocar online o maior n\u00famero poss\u00edvel de imagens de <a href=\"https:\/\/wikilovesearth.wikimedia.pt\/areas-protegidas-de-portugal\/\"><strong>espa\u00e7os naturais protegidos<\/strong> <strong>de Portugal<\/strong><\/a> durante o m\u00eas de maio no Wikimedia Commons, <strong>compartilhando <\/strong>esse valioso conte\u00fado educativo e documental de forma gratuita com o mundo inteiro.<\/p>\n\n\n\n<p>Decorre anualmente em maio. Mais informa\u00e7\u00f5es no <a href=\"https:\/\/wikilovesearth.wikimedia.pt\/\" data-type=\"URL\" target=\"_blank\" rel=\"noreferrer noopener\">s\u00edtio da campanha<\/a>.<\/p>\n\n\n\n<h2 class=\"wp-block-heading\">Wiki Loves Monuments<\/h2>\n\n\n\n<p>O <strong>Wiki Loves Monuments<\/strong> \u00e9 um concurso de fotografia realizado ao n\u00edvel mundial, destinado a despertar interesse pelos monumentos existentes em todo o mundo, fotograf\u00e1-los e disponibilizar as imagens sob <a href=\"https:\/\/pt.wikimedia.org\/w\/index.php?title=Licen%C3%A7a_livre&amp;action=edit&amp;redlink=1\">licen\u00e7as livres<\/a> no <a href=\"https:\/\/commons.wikimedia.org\/wiki\/Wikim%C3%A9dia_Commons\">Wikim\u00e9dia Commons<\/a>. \u00c9 organizado por membros da comunidade wikim\u00e9dia, o movimento que est\u00e1 por tr\u00e1s da Wikip\u00e9dia, Wikim\u00e9dia Commons ou Wikidata, e em Portugal pela <strong>Wikim\u00e9dia Portugal<\/strong>.<\/p>\n\n\n\n<p>Decorre anualmente em outubro.<\/p>\n\n\n\n<h2 class=\"wp-block-heading\"><strong>Wiki Loves M\u00fasica Portuguesa<\/strong><\/h2>\n\n\n\n<p><strong>Wiki Loves M\u00fasica Portuguesa<\/strong> \u00e9 uma iniciativa organizada pela Wikimedia Portugal, focada na melhoria do conte\u00fado sobre m\u00fasica portuguesa nas m\u00faltiplas plataformas Wikimedia, incluindo a <a href=\"https:\/\/pt.wikipedia.org\/wiki\/Wikip%C3%A9dia:P%C3%A1gina_principal\">Wikip\u00e9dia<\/a>, a <a href=\"https:\/\/commons.wikimedia.org\/wiki\/Main%20Page\">Wikimedia Commons<\/a> e a <a href=\"https:\/\/www.wikidata.org\/wiki\/Wikidata:Main%20Page\">Wikidata<\/a>.  O projecto conta com o <strong>apoio da <a href=\"https:\/\/antena1.rtp.pt\/\">Antena 1<\/a><\/strong>.<\/p>\n\n\n\n<p>A campanha \u00e9 desenvolvida em parceria com outras entidades, incluindo a NOVA FCSH, num esfor\u00e7o alargado que compreende a m\u00fasica tradicional, a m\u00fasica erudita e, claro, a m\u00fasica popular contempor\u00e2nea. Organiza\u00e7\u00f5es interessadas em integrar o projeto est\u00e3o convidadas a contactar a Wikimedia Portugal.<\/p>\n","protected":false},"excerpt":{"rendered":"<p>A Wikimedia Portugal desenvolve uma s\u00e9rie de projetos, incluindo campanhas tem\u00e1ticas tanto a solo como em parceria com outras institui\u00e7\u00f5es. Wiki Loves Earth O\u00a0Wiki Loves Earth \u00e9 um\u00a0concurso fotogr\u00e1fico sobre espa\u00e7os naturais protegidos\u00a0do territ\u00f3rio portugu\u00eas aberto a todo o mundo. O objetivo do concurso \u00e9 colocar online o maior n\u00famero poss\u00edvel de imagens de espa\u00e7os [&hellip;]<\/p>\n","protected":false},"author":11,"featured_media":0,"parent":0,"menu_order":0,"comment_status":"closed","ping_status":"closed","template":"","meta":{"footnotes":""},"class_list":["post-39","page","type-page","status-publish","hentry"],"_links":{"self":[{"href":"https:\/\/website.wikimedia.pt\/index.php?rest_route=\/wp\/v2\/pages\/39","targetHints":{"allow":["GET"]}}],"collection":[{"href":"https:\/\/website.wikimedia.pt\/index.php?rest_route=\/wp\/v2\/pages"}],"about":[{"href":"https:\/\/website.wikimedia.pt\/index.php?rest_route=\/wp\/v2\/types\/page"}],"author":[{"embeddable":true,"href":"https:\/\/website.wikimedia.pt\/index.php?rest_route=\/wp\/v2\/users\/11"}],"replies":[{"embeddable":true,"href":"https:\/\/website.wikimedia.pt\/index.php?rest_route=%2Fwp%2Fv2%2Fcomments&post=39"}],"version-history":[{"count":0,"href":"https:\/\/website.wikimedia.pt\/index.php?rest_route=\/wp\/v2\/pages\/39\/revisions"}],"wp:attachment":[{"href":"https:\/\/website.wikimedia.pt\/index.php?rest_route=%2Fwp%2Fv2%2Fmedia&parent=39"}],"curies":[{"name":"wp","href":"https:\/\/api.w.org\/{rel}","templated":true}]}}