{"id":43,"date":"2023-05-17T14:45:50","date_gmt":"2023-05-17T13:45:50","guid":{"rendered":"https:\/\/wikimedia.pt\/blogdev\/?page_id=43"},"modified":"2023-05-17T14:45:50","modified_gmt":"2023-05-17T13:45:50","slug":"wiki-loves-musica-portuguesa","status":"publish","type":"page","link":"https:\/\/website.wikimedia.pt\/?page_id=43","title":{"rendered":"Wiki Loves M\u00fasica Portuguesa"},"content":{"rendered":"\n<p><strong>Wiki Loves M\u00fasica Portuguesa<\/strong> \u00e9 uma iniciativa organizada pela Wikimedia Portugal, focada na melhoria do conte\u00fado sobre m\u00fasica portuguesa nas m\u00faltiplas plataformas Wikimedia, incluindo a <a href=\"https:\/\/pt.wikipedia.org\/wiki\/Wikip%C3%A9dia:P%C3%A1gina_principal\">Wikip\u00e9dia<\/a>, a <a href=\"https:\/\/commons.wikimedia.org\/wiki\/Main%20Page\">Wikimedia Commons<\/a> e a <a href=\"https:\/\/www.wikidata.org\/wiki\/Wikidata:Main%20Page\">Wikidata<\/a>. O iniciativa conta com o <strong>apoio da <a href=\"https:\/\/antena1.rtp.pt\/\">Antena 1<\/a><\/strong>.<\/p>\n\n\n\n<p>A campanha \u00e9 desenvolvida em parceria com outras entidades, num esfor\u00e7o alargado que compreende a m\u00fasica tradicional, a m\u00fasica erudita e, claro, a m\u00fasica popular contempor\u00e2nea. Organiza\u00e7\u00f5es interessadas em integrar o projeto est\u00e3o convidadas a contactar a Wikimedia Portugal.<\/p>\n\n\n\n<ul class=\"wp-block-list\">\n<li><a href=\"https:\/\/pt.wikimedia.org\/wiki\/Ficheiro:Comunicado_lan%C3%A7amento_-_Wiki_Loves_M%C3%BAsica_Portuguesa.pdf\">Comunicado de lan\u00e7amento da campanha<\/a><\/li>\n\n\n\n<li><a href=\"https:\/\/commons.wikimedia.org\/wiki\/Category:Wiki_Loves_M%C3%BAsica_Portuguesa\">Materiais Gr\u00e1ficos no Wikimedia Commons<\/a><\/li>\n<\/ul>\n","protected":false},"excerpt":{"rendered":"<p>Wiki Loves M\u00fasica Portuguesa \u00e9 uma iniciativa organizada pela Wikimedia Portugal, focada na melhoria do conte\u00fado sobre m\u00fasica portuguesa nas m\u00faltiplas plataformas Wikimedia, incluindo a Wikip\u00e9dia, a Wikimedia Commons e a Wikidata. O iniciativa conta com o apoio da Antena 1. A campanha \u00e9 desenvolvida em parceria com outras entidades, num esfor\u00e7o alargado que compreende [&hellip;]<\/p>\n","protected":false},"author":11,"featured_media":69,"parent":39,"menu_order":0,"comment_status":"closed","ping_status":"closed","template":"","meta":{"footnotes":""},"class_list":["post-43","page","type-page","status-publish","has-post-thumbnail","hentry"],"_links":{"self":[{"href":"https:\/\/website.wikimedia.pt\/index.php?rest_route=\/wp\/v2\/pages\/43","targetHints":{"allow":["GET"]}}],"collection":[{"href":"https:\/\/website.wikimedia.pt\/index.php?rest_route=\/wp\/v2\/pages"}],"about":[{"href":"https:\/\/website.wikimedia.pt\/index.php?rest_route=\/wp\/v2\/types\/page"}],"author":[{"embeddable":true,"href":"https:\/\/website.wikimedia.pt\/index.php?rest_route=\/wp\/v2\/users\/11"}],"replies":[{"embeddable":true,"href":"https:\/\/website.wikimedia.pt\/index.php?rest_route=%2Fwp%2Fv2%2Fcomments&post=43"}],"version-history":[{"count":0,"href":"https:\/\/website.wikimedia.pt\/index.php?rest_route=\/wp\/v2\/pages\/43\/revisions"}],"up":[{"embeddable":true,"href":"https:\/\/website.wikimedia.pt\/index.php?rest_route=\/wp\/v2\/pages\/39"}],"wp:featuredmedia":[{"embeddable":true,"href":"https:\/\/website.wikimedia.pt\/index.php?rest_route=\/wp\/v2\/posts\/69"}],"wp:attachment":[{"href":"https:\/\/website.wikimedia.pt\/index.php?rest_route=%2Fwp%2Fv2%2Fmedia&parent=43"}],"curies":[{"name":"wp","href":"https:\/\/api.w.org\/{rel}","templated":true}]}}