{"id":577,"date":"2023-05-12T15:48:54","date_gmt":"2023-05-12T15:48:54","guid":{"rendered":"https:\/\/wikimedia.pt\/blogdev\/?page_id=2"},"modified":"2023-05-12T15:48:54","modified_gmt":"2023-05-12T15:48:54","slug":"quem-somos","status":"publish","type":"page","link":"https:\/\/website.wikimedia.pt\/?page_id=577","title":{"rendered":"Quem somos?"},"content":{"rendered":"\n<p>A <strong><a href=\"https:\/\/pt.wikipedia.org\/wiki\/chapter:P%C3%A1gina_principal\" target=\"_blank\" rel=\"noreferrer noopener\">Wikimedia Portugal<\/a><\/strong> \u00e9 o cap\u00edtulo da Funda\u00e7\u00e3o Wikimedia em Portugal. O cap\u00edtulo \u00e9 uma associa\u00e7\u00e3o de direito privado sem fins lucrativos registada sob o nome &#8220;<em>Associa\u00e7\u00e3o Wikimedia Portugal (WMP)<\/em>&#8221; e usando como acr\u00f3nimo <em>WMPT<\/em>. Foi aprovada como cap\u00edtulo pela Funda\u00e7\u00e3o Wikimedia a <a href=\"https:\/\/foundation.wikimedia.org\/wiki\/Resolution:Approval_of_Wikimedia_Portugal\" target=\"_blank\" rel=\"noreferrer noopener\">4 de Julho de 2009<\/a> e foi legalmente registada em Portugal em <a href=\"https:\/\/pt.wikipedia.org\/wiki\/chapter:Ficheiro:Certificado_de_constitui%C3%A7%C3%A3o.pdf\" target=\"_blank\" rel=\"noreferrer noopener\">21 de Setembro de 2009<\/a>.<\/p>\n\n\n\n<p><em>Para documenta\u00e7\u00e3o relativa \u00e0 sua atividade associativa, nomeadamente atas de assembleias gerais, planos e relat\u00f3rios anuais de atividades, relat\u00f3rios de contas e outros, a p\u00e1gina de refer\u00eancia \u00e9 a <a rel=\"noreferrer noopener\" href=\"https:\/\/pt.wikimedia.org\/wiki\/Wikimedia_Portugal\" data-type=\"URL\" data-id=\"https:\/\/pt.wikimedia.org\/wiki\/Wikimedia_Portugal\" target=\"_blank\">wiki da Wikimedia Portugal<\/a>.<\/em><\/p>\n\n\n\n<h2 class=\"wp-block-heading\">Objetivos da Wikimedia Portugal<\/h2>\n\n\n\n<ul class=\"wp-block-list\">\n<li>Promover os projetos Wikimedia para que novas pessoas possam beneficiar da sua exist\u00eancia, assim como angariar novos colaboradores de diferentes campos, sejam eles acad\u00e9micos, cientistas, estudantes universit\u00e1rios, escolas, bibliotecas, etc.<\/li>\n\n\n\n<li>Promover ou negociar parcerias que potenciem os projetos, sejam os benef\u00edcios em termos monet\u00e1rios ou morais, como a ced\u00eancia de conte\u00fados sob uma licen\u00e7a livre.<\/li>\n\n\n\n<li>Ajudar as organiza\u00e7\u00f5es fora do movimento Wikimedia a usar os seus conte\u00fados, independentemente do benef\u00edcio que essas organiza\u00e7\u00f5es possam obter. (ex. Historiadores locais, DVD&#8217;s com conte\u00fados Wikimedia&#8230;)<\/li>\n\n\n\n<li>Organiza\u00e7\u00e3o de eventos e iniciativas locais e nacionais. (por exemplo, participar em feiras de neg\u00f3cios, criar grupos de Wikip\u00e9dia, dar palestras, etc)<\/li>\n\n\n\n<li>Cuidar das rela\u00e7\u00f5es p\u00fablicas no pa\u00eds, dar \u00e0 imprensa um interlocutor na sua pr\u00f3pria l\u00edngua e cultura.<\/li>\n\n\n\n<li>Promover os conte\u00fados gratuitos e a cultura wiki de colabora\u00e7\u00e3o e transpar\u00eancia em Portugal.<\/li>\n\n\n\n<li>Estabelecer e manter interc\u00e2mbios e rela\u00e7\u00f5es com outras entidades p\u00fablicas e privadas, nacionais e estrangeiras, especialmente dos pa\u00edses de express\u00e3o portuguesa e das comunidades portuguesas no estrangeiro.<\/li>\n<\/ul>\n\n\n\n<h2 class=\"wp-block-heading\">O que a Wikimedia Portugal n\u00e3o \u00e9<\/h2>\n\n\n\n<ul class=\"wp-block-list\">\n<li>A Wikimedia Portugal n\u00e3o \u00e9 um representante legal da Funda\u00e7\u00e3o Wikimedia em Portugal. Ambos s\u00e3o entidades separadas e independentes, que partilham objetivos comuns no territ\u00f3rio Portugu\u00eas. A Wikimedia Portugal \u00e9 uma entidade independente, constitu\u00edda por volunt\u00e1rios de v\u00e1rios projetos Wikimedia, com um <a href=\"https:\/\/foundation.wikimedia.org\/wiki\/Agreement_between_chapters_and_Wikimedia_Foundation\">acordo de coopera\u00e7\u00e3o com a Funda\u00e7\u00e3o<\/a> que define os \u00e2mbitos da coopera\u00e7\u00e3o.<\/li>\n\n\n\n<li>A Wikimedia Portugal n\u00e3o tem poder editorial sobre qualquer projeto Wikimedia. A fun\u00e7\u00e3o da associa\u00e7\u00e3o \u00e9 o apoio e a promo\u00e7\u00e3o dos projetos e do movimento Wikimedia, assim como do conhecimento livre; no entanto, as quest\u00f5es editoriais s\u00e3o da responsabilidade das comunidades locais, n\u00e3o estando no \u00e2mbito da associa\u00e7\u00e3o a\u00e7\u00f5es de interfer\u00eancia ou influ\u00eancia editorial sobre o conte\u00fado dos projetos, o que \u00e9 ali\u00e1s vetado pelo acordo de coopera\u00e7\u00e3o com a Funda\u00e7\u00e3o Wikimedia.<\/li>\n<\/ul>\n","protected":false},"excerpt":{"rendered":"<p>A Wikimedia Portugal \u00e9 o cap\u00edtulo da Funda\u00e7\u00e3o Wikimedia em Portugal. O cap\u00edtulo \u00e9 uma associa\u00e7\u00e3o de direito privado sem fins lucrativos registada sob o nome &#8220;Associa\u00e7\u00e3o Wikimedia Portugal (WMP)&#8221; e usando como acr\u00f3nimo WMPT. Foi aprovada como cap\u00edtulo pela Funda\u00e7\u00e3o Wikimedia a 4 de Julho de 2009 e foi legalmente registada em Portugal em [&hellip;]<\/p>\n","protected":false},"author":1,"featured_media":0,"parent":0,"menu_order":0,"comment_status":"closed","ping_status":"open","template":"","meta":{"footnotes":""},"class_list":["post-577","page","type-page","status-publish","hentry"],"_links":{"self":[{"href":"https:\/\/website.wikimedia.pt\/index.php?rest_route=\/wp\/v2\/pages\/577","targetHints":{"allow":["GET"]}}],"collection":[{"href":"https:\/\/website.wikimedia.pt\/index.php?rest_route=\/wp\/v2\/pages"}],"about":[{"href":"https:\/\/website.wikimedia.pt\/index.php?rest_route=\/wp\/v2\/types\/page"}],"author":[{"embeddable":true,"href":"https:\/\/website.wikimedia.pt\/index.php?rest_route=\/wp\/v2\/users\/1"}],"replies":[{"embeddable":true,"href":"https:\/\/website.wikimedia.pt\/index.php?rest_route=%2Fwp%2Fv2%2Fcomments&post=577"}],"version-history":[{"count":0,"href":"https:\/\/website.wikimedia.pt\/index.php?rest_route=\/wp\/v2\/pages\/577\/revisions"}],"wp:attachment":[{"href":"https:\/\/website.wikimedia.pt\/index.php?rest_route=%2Fwp%2Fv2%2Fmedia&parent=577"}],"curies":[{"name":"wp","href":"https:\/\/api.w.org\/{rel}","templated":true}]}}