{"id":659,"date":"2023-09-22T11:18:00","date_gmt":"2023-09-22T10:18:00","guid":{"rendered":"https:\/\/wikimedia.pt\/blogdev\/?page_id=659"},"modified":"2023-09-22T11:18:00","modified_gmt":"2023-09-22T10:18:00","slug":"contribuir","status":"publish","type":"page","link":"https:\/\/website.wikimedia.pt\/?page_id=659","title":{"rendered":"Contribuir"},"content":{"rendered":"\n<p>Qualquer um pode contribuir para os projetos Wikimedia melhorando o conte\u00fado dispon\u00edvel, mas os donativos s\u00e3o fundamentais para a sobreviv\u00eancia da infraestrutura que os suporta e da Wikimedia Portugal.<br><\/p>\n\n\n\n<details class=\"wp-block-details has-medium-font-size is-layout-flow wp-block-details-is-layout-flow\"><summary>Por transfer\u00eancia banc\u00e1ria<\/summary>\n<p><strong>Titular da conta:<\/strong> Associa\u00e7\u00e3o Wikimedia Portugal (WMP) <br><strong>Banco:<\/strong> Caixa Geral de Dep\u00f3sitos  <br><strong>IBAN<\/strong>: PT50 0035 0130 00005195 930 32 <strong><br>BIC\/SWIFT<\/strong>: CGDIPTPL<\/p>\n\n\n\n<details class=\"wp-block-details is-layout-flow wp-block-details-is-layout-flow\"><summary>Por Paypal<\/summary>\n<p>Basta seguir a <a href=\"https:\/\/www.paypal.com\/cgi-bin\/webscr?cmd=_s-xclick&amp;hosted_button_id=788Y7GCJQFTFY\" data-type=\"link\" data-id=\"https:\/\/www.paypal.com\/cgi-bin\/webscr?cmd=_s-xclick&amp;hosted_button_id=788Y7GCJQFTFY\">liga\u00e7\u00e3o<\/a>.<\/p>\n<\/details>\n<\/details>\n\n\n\n<details class=\"wp-block-details is-layout-flow wp-block-details-is-layout-flow\"><summary>Por Paypal<\/summary>\n<p>Basta seguir a <a href=\"https:\/\/www.paypal.com\/donate\/?cmd=_s-xclick&amp;hosted_button_id=788Y7GCJQFTFY&amp;ssrt=1695377608953\" data-type=\"link\" data-id=\"https:\/\/www.paypal.com\/donate\/?cmd=_s-xclick&amp;hosted_button_id=788Y7GCJQFTFY&amp;ssrt=1695377608953\">liga\u00e7\u00e3o<\/a>.<\/p>\n<\/details>\n\n\n\n<figure class=\"wp-block-pullquote\"><blockquote><p><em>Imagine um mundo em que cada pessoa no planeta tem livre acesso<br>\u00e0 soma de todo conhecimento humano.<br>Isso \u00e9 o que estamos a fazer.<\/em><\/p><cite>Jimmy Wales, fundador da Wikimedia<\/cite><\/blockquote><\/figure>\n","protected":false},"excerpt":{"rendered":"<p>Qualquer um pode contribuir para os projetos Wikimedia melhorando o conte\u00fado dispon\u00edvel, mas os donativos s\u00e3o fundamentais para a sobreviv\u00eancia da infraestrutura que os suporta e da Wikimedia Portugal. Imagine um mundo em que cada pessoa no planeta tem livre acesso\u00e0 soma de todo conhecimento humano.Isso \u00e9 o que estamos a fazer. Jimmy Wales, fundador [&hellip;]<\/p>\n","protected":false},"author":11,"featured_media":0,"parent":0,"menu_order":0,"comment_status":"closed","ping_status":"closed","template":"","meta":{"footnotes":""},"class_list":["post-659","page","type-page","status-publish","hentry"],"_links":{"self":[{"href":"https:\/\/website.wikimedia.pt\/index.php?rest_route=\/wp\/v2\/pages\/659","targetHints":{"allow":["GET"]}}],"collection":[{"href":"https:\/\/website.wikimedia.pt\/index.php?rest_route=\/wp\/v2\/pages"}],"about":[{"href":"https:\/\/website.wikimedia.pt\/index.php?rest_route=\/wp\/v2\/types\/page"}],"author":[{"embeddable":true,"href":"https:\/\/website.wikimedia.pt\/index.php?rest_route=\/wp\/v2\/users\/11"}],"replies":[{"embeddable":true,"href":"https:\/\/website.wikimedia.pt\/index.php?rest_route=%2Fwp%2Fv2%2Fcomments&post=659"}],"version-history":[{"count":0,"href":"https:\/\/website.wikimedia.pt\/index.php?rest_route=\/wp\/v2\/pages\/659\/revisions"}],"wp:attachment":[{"href":"https:\/\/website.wikimedia.pt\/index.php?rest_route=%2Fwp%2Fv2%2Fmedia&parent=659"}],"curies":[{"name":"wp","href":"https:\/\/api.w.org\/{rel}","templated":true}]}}